{"id":4,"date":"2022-08-17T18:52:41","date_gmt":"2022-08-17T18:52:41","guid":{"rendered":"https:\/\/sv95ballstedt.de\/?page_id=4"},"modified":"2023-05-03T09:30:41","modified_gmt":"2023-05-03T09:30:41","slug":"willkommen-auf-https-sv95ballstedt-de","status":"publish","type":"page","link":"https:\/\/sv95ballstedt.de\/?page_id=4","title":{"rendered":"Der Verein"},"content":{"rendered":"\n<p>Der SV 95 Ballstedt e. V. steht f\u00fcr eine Erlebnis bereichernde Kindheit. Unser sportliches Angebot umfasst Fu\u00dfball, Bogenschie\u00dfen, Frauensport, Tanz und Tischtennis.  <\/p>\n\n\n\n<figure class=\"wp-block-image size-full is-resized\"><img loading=\"lazy\" decoding=\"async\" src=\"https:\/\/sv95ballstedt.de\/wp-content\/uploads\/2022\/08\/cropped-cropped-Logo-neu-2.jpg\" alt=\"\" class=\"wp-image-75\" width=\"633\" height=\"123\" srcset=\"https:\/\/sv95ballstedt.de\/wp-content\/uploads\/2022\/08\/cropped-cropped-Logo-neu-2.jpg 906w, https:\/\/sv95ballstedt.de\/wp-content\/uploads\/2022\/08\/cropped-cropped-Logo-neu-2-300x59.jpg 300w, https:\/\/sv95ballstedt.de\/wp-content\/uploads\/2022\/08\/cropped-cropped-Logo-neu-2-768x150.jpg 768w\" sizes=\"(max-width: 633px) 100vw, 633px\" \/><\/figure>\n\n\n\n<p>Unser Team besteht aus mehreren Trainern, welche unsere Angebote m\u00f6glich machen und f\u00fcr die Sicherheit unserer Sch\u00fcler sorgen.<\/p>\n\n\n\n<p><strong>Wo liegt unser Verein?<\/strong><br>Im Dorfe 63<br>99439 Ballstedt<\/p>\n\n\n\n<p><strong>Sportarena Ballstedt<\/strong><br>Am Steingarten<br>99439 Ballstedt<\/p>\n\n\n\n<figure class=\"wp-block-image size-large is-resized\"><img loading=\"lazy\" decoding=\"async\" src=\"https:\/\/sv95ballstedt.de\/wp-content\/uploads\/2023\/04\/PXL_20230425_152714901.MP_-edited-scaled.jpg\" alt=\"\" class=\"wp-image-116\" width=\"468\" height=\"262\" srcset=\"https:\/\/sv95ballstedt.de\/wp-content\/uploads\/2023\/04\/PXL_20230425_152714901.MP_-edited-scaled.jpg 2560w, https:\/\/sv95ballstedt.de\/wp-content\/uploads\/2023\/04\/PXL_20230425_152714901.MP_-edited-300x169.jpg 300w, https:\/\/sv95ballstedt.de\/wp-content\/uploads\/2023\/04\/PXL_20230425_152714901.MP_-edited-1024x576.jpg 1024w, https:\/\/sv95ballstedt.de\/wp-content\/uploads\/2023\/04\/PXL_20230425_152714901.MP_-edited-768x432.jpg 768w, https:\/\/sv95ballstedt.de\/wp-content\/uploads\/2023\/04\/PXL_20230425_152714901.MP_-edited-1536x864.jpg 1536w, https:\/\/sv95ballstedt.de\/wp-content\/uploads\/2023\/04\/PXL_20230425_152714901.MP_-edited-2048x1152.jpg 2048w\" sizes=\"(max-width: 468px) 100vw, 468px\" \/><\/figure>\n\n\n\n<p><\/p>\n","protected":false},"excerpt":{"rendered":"<p>Der SV 95 Ballstedt e. V. steht f\u00fcr eine Erlebnis bereichernde Kindheit. Unser sportliches Angebot umfasst Fu\u00dfball, Bogenschie\u00dfen, Frauensport, Tanz und Tischtennis. Unser Team besteht aus mehreren Trainern, welche unsere [&hellip;]<\/p>\n","protected":false},"author":1,"featured_media":0,"parent":0,"menu_order":2,"comment_status":"closed","ping_status":"closed","template":"","meta":{"site-sidebar-layout":"default","site-content-layout":"","ast-site-content-layout":"default","site-content-style":"default","site-sidebar-style":"default","ast-global-header-display":"","ast-banner-title-visibility":"","ast-main-header-display":"","ast-hfb-above-header-display":"","ast-hfb-below-header-display":"","ast-hfb-mobile-header-display":"","site-post-title":"","ast-breadcrumbs-content":"","ast-featured-img":"","footer-sml-layout":"","ast-disable-related-posts":"","theme-transparent-header-meta":"","adv-header-id-meta":"","stick-header-meta":"","header-above-stick-meta":"","header-main-stick-meta":"","header-below-stick-meta":"","astra-migrate-meta-layouts":"default","ast-page-background-enabled":"default","ast-page-background-meta":{"desktop":{"background-color":"var(--ast-global-color-4)","background-image":"","background-repeat":"repeat","background-position":"center center","background-size":"auto","background-attachment":"scroll","background-type":"","background-media":"","overlay-type":"","overlay-color":"","overlay-opacity":"","overlay-gradient":""},"tablet":{"background-color":"","background-image":"","background-repeat":"repeat","background-position":"center center","background-size":"auto","background-attachment":"scroll","background-type":"","background-media":"","overlay-type":"","overlay-color":"","overlay-opacity":"","overlay-gradient":""},"mobile":{"background-color":"","background-image":"","background-repeat":"repeat","background-position":"center center","background-size":"auto","background-attachment":"scroll","background-type":"","background-media":"","overlay-type":"","overlay-color":"","overlay-opacity":"","overlay-gradient":""}},"ast-content-background-meta":{"desktop":{"background-color":"var(--ast-global-color-5)","background-image":"","background-repeat":"repeat","background-position":"center center","background-size":"auto","background-attachment":"scroll","background-type":"","background-media":"","overlay-type":"","overlay-color":"","overlay-opacity":"","overlay-gradient":""},"tablet":{"background-color":"var(--ast-global-color-5)","background-image":"","background-repeat":"repeat","background-position":"center center","background-size":"auto","background-attachment":"scroll","background-type":"","background-media":"","overlay-type":"","overlay-color":"","overlay-opacity":"","overlay-gradient":""},"mobile":{"background-color":"var(--ast-global-color-5)","background-image":"","background-repeat":"repeat","background-position":"center center","background-size":"auto","background-attachment":"scroll","background-type":"","background-media":"","overlay-type":"","overlay-color":"","overlay-opacity":"","overlay-gradient":""}},"footnotes":""},"_links":{"self":[{"href":"https:\/\/sv95ballstedt.de\/index.php?rest_route=\/wp\/v2\/pages\/4"}],"collection":[{"href":"https:\/\/sv95ballstedt.de\/index.php?rest_route=\/wp\/v2\/pages"}],"about":[{"href":"https:\/\/sv95ballstedt.de\/index.php?rest_route=\/wp\/v2\/types\/page"}],"author":[{"embeddable":true,"href":"https:\/\/sv95ballstedt.de\/index.php?rest_route=\/wp\/v2\/users\/1"}],"replies":[{"embeddable":true,"href":"https:\/\/sv95ballstedt.de\/index.php?rest_route=%2Fwp%2Fv2%2Fcomments&post=4"}],"version-history":[{"count":8,"href":"https:\/\/sv95ballstedt.de\/index.php?rest_route=\/wp\/v2\/pages\/4\/revisions"}],"predecessor-version":[{"id":141,"href":"https:\/\/sv95ballstedt.de\/index.php?rest_route=\/wp\/v2\/pages\/4\/revisions\/141"}],"wp:attachment":[{"href":"https:\/\/sv95ballstedt.de\/index.php?rest_route=%2Fwp%2Fv2%2Fmedia&parent=4"}],"curies":[{"name":"wp","href":"https:\/\/api.w.org\/{rel}","templated":true}]}}