{"id":221,"date":"2023-07-06T11:58:03","date_gmt":"2023-07-06T11:58:03","guid":{"rendered":"https:\/\/sv95ballstedt.de\/?page_id=221"},"modified":"2024-01-18T13:33:54","modified_gmt":"2024-01-18T13:33:54","slug":"mitglied-werden","status":"publish","type":"page","link":"https:\/\/sv95ballstedt.de\/?page_id=221","title":{"rendered":"Mitglied werden"},"content":{"rendered":"\n<p>Euer Kind oder ihr m\u00f6chtet Mitglied bei uns werden? <\/p>\n\n\n\n<p>Dann f\u00fcllt bitte<\/p>\n\n\n\n<ul>\n<li>den <a rel=\"noreferrer noopener\" href=\"https:\/\/sv95ballstedt.de\/wp-content\/uploads\/2023\/07\/2023-07-sv95-mitgliedsantrag-kinder.pdf\" data-type=\"URL\" data-id=\"https:\/\/sv95ballstedt.de\/wp-content\/uploads\/2023\/07\/2023-07-sv95-mitgliedsantrag-kinder.pdf\" target=\"_blank\">Mitgliedsantrag f\u00fcr Kinder<\/a> <strong>oder <\/strong>den <a rel=\"noreferrer noopener\" href=\"https:\/\/sv95ballstedt.de\/wp-content\/uploads\/2024\/01\/2024_Aufnahmeantrag_erwachsene.pdf\" data-type=\"attachment\" data-id=\"239\" target=\"_blank\">Mitgliedsantrag f\u00fcr Erwachsene<\/a>, <\/li>\n\n\n\n<li>die <a rel=\"noreferrer noopener\" href=\"https:\/\/sv95ballstedt.de\/wp-content\/uploads\/2023\/07\/2023_Einverstaendniserklaerung_Ballstedt.pdf\" target=\"_blank\">Einverst\u00e4ndniserkl\u00e4rung<\/a> und<\/li>\n\n\n\n<li>das <a rel=\"noreferrer noopener\" href=\"https:\/\/sv95ballstedt.de\/wp-content\/uploads\/2023\/07\/2023_sepa-lastschrift.pdf\" data-type=\"attachment\" data-id=\"227\" target=\"_blank\">SEPA-Lastschrift-Mandat<\/a><\/li>\n<\/ul>\n\n\n\n<p>vollst\u00e4ndig aus und gebt es zusammen mit einem aktuellen <strong>Passfoto <\/strong>und einer <strong>Kopie der Geburtsurkunde<\/strong> eurem Trainer mit.<\/p>\n\n\n\n<p>Alternativ k\u00f6nnt ihr alles auch per Post oder <a href=\"mailto:info@sv95ballstedt.de\">Mail<\/a> an uns senden.<\/p>\n\n\n\n<p>Wir freuen uns auf Euch!<\/p>\n","protected":false},"excerpt":{"rendered":"<p>Euer Kind oder ihr m\u00f6chtet Mitglied bei uns werden? Dann f\u00fcllt bitte vollst\u00e4ndig aus und gebt es zusammen mit einem aktuellen Passfoto und einer Kopie der Geburtsurkunde eurem Trainer mit. [&hellip;]<\/p>\n","protected":false},"author":1,"featured_media":0,"parent":4,"menu_order":0,"comment_status":"closed","ping_status":"closed","template":"","meta":{"site-sidebar-layout":"default","site-content-layout":"","ast-site-content-layout":"default","site-content-style":"default","site-sidebar-style":"default","ast-global-header-display":"","ast-banner-title-visibility":"","ast-main-header-display":"","ast-hfb-above-header-display":"","ast-hfb-below-header-display":"","ast-hfb-mobile-header-display":"","site-post-title":"","ast-breadcrumbs-content":"","ast-featured-img":"","footer-sml-layout":"","ast-disable-related-posts":"","theme-transparent-header-meta":"","adv-header-id-meta":"","stick-header-meta":"","header-above-stick-meta":"","header-main-stick-meta":"","header-below-stick-meta":"","astra-migrate-meta-layouts":"set","ast-page-background-enabled":"default","ast-page-background-meta":{"desktop":{"background-color":"var(--ast-global-color-4)","background-image":"","background-repeat":"repeat","background-position":"center center","background-size":"auto","background-attachment":"scroll","background-type":"","background-media":"","overlay-type":"","overlay-color":"","overlay-opacity":"","overlay-gradient":""},"tablet":{"background-color":"","background-image":"","background-repeat":"repeat","background-position":"center center","background-size":"auto","background-attachment":"scroll","background-type":"","background-media":"","overlay-type":"","overlay-color":"","overlay-opacity":"","overlay-gradient":""},"mobile":{"background-color":"","background-image":"","background-repeat":"repeat","background-position":"center center","background-size":"auto","background-attachment":"scroll","background-type":"","background-media":"","overlay-type":"","overlay-color":"","overlay-opacity":"","overlay-gradient":""}},"ast-content-background-meta":{"desktop":{"background-color":"var(--ast-global-color-5)","background-image":"","background-repeat":"repeat","background-position":"center center","background-size":"auto","background-attachment":"scroll","background-type":"","background-media":"","overlay-type":"","overlay-color":"","overlay-opacity":"","overlay-gradient":""},"tablet":{"background-color":"var(--ast-global-color-5)","background-image":"","background-repeat":"repeat","background-position":"center center","background-size":"auto","background-attachment":"scroll","background-type":"","background-media":"","overlay-type":"","overlay-color":"","overlay-opacity":"","overlay-gradient":""},"mobile":{"background-color":"var(--ast-global-color-5)","background-image":"","background-repeat":"repeat","background-position":"center center","background-size":"auto","background-attachment":"scroll","background-type":"","background-media":"","overlay-type":"","overlay-color":"","overlay-opacity":"","overlay-gradient":""}},"footnotes":""},"_links":{"self":[{"href":"https:\/\/sv95ballstedt.de\/index.php?rest_route=\/wp\/v2\/pages\/221"}],"collection":[{"href":"https:\/\/sv95ballstedt.de\/index.php?rest_route=\/wp\/v2\/pages"}],"about":[{"href":"https:\/\/sv95ballstedt.de\/index.php?rest_route=\/wp\/v2\/types\/page"}],"author":[{"embeddable":true,"href":"https:\/\/sv95ballstedt.de\/index.php?rest_route=\/wp\/v2\/users\/1"}],"replies":[{"embeddable":true,"href":"https:\/\/sv95ballstedt.de\/index.php?rest_route=%2Fwp%2Fv2%2Fcomments&post=221"}],"version-history":[{"count":8,"href":"https:\/\/sv95ballstedt.de\/index.php?rest_route=\/wp\/v2\/pages\/221\/revisions"}],"predecessor-version":[{"id":242,"href":"https:\/\/sv95ballstedt.de\/index.php?rest_route=\/wp\/v2\/pages\/221\/revisions\/242"}],"up":[{"embeddable":true,"href":"https:\/\/sv95ballstedt.de\/index.php?rest_route=\/wp\/v2\/pages\/4"}],"wp:attachment":[{"href":"https:\/\/sv95ballstedt.de\/index.php?rest_route=%2Fwp%2Fv2%2Fmedia&parent=221"}],"curies":[{"name":"wp","href":"https:\/\/api.w.org\/{rel}","templated":true}]}}